{"id":146,"date":"2024-12-27T11:38:16","date_gmt":"2024-12-27T11:38:16","guid":{"rendered":"https:\/\/usanlek.com\/?page_id=146"},"modified":"2025-01-17T12:32:47","modified_gmt":"2025-01-17T12:32:47","slug":"sobre-nosotros","status":"publish","type":"page","link":"https:\/\/tienda.usanlek.com\/eu\/sobre-nosotros\/","title":{"rendered":"Guri buruz"},"content":{"rendered":"<div data-elementor-type=\"wp-page\" data-elementor-id=\"146\" class=\"elementor elementor-146\" data-elementor-post-type=\"page\">\n\t\t\t\t<div class=\"elementor-element elementor-element-35ea0d2 e-flex e-con-boxed e-con e-parent\" data-id=\"35ea0d2\" data-element_type=\"container\" data-e-type=\"container\" data-settings=\"{&quot;background_background&quot;:&quot;classic&quot;}\">\n\t\t\t\t\t<div class=\"e-con-inner\">\n\t\t\t\t\t<\/div>\n\t\t\t\t<\/div>\n\t\t<div class=\"elementor-element elementor-element-3b3a1d0 e-flex e-con-boxed e-con e-parent\" data-id=\"3b3a1d0\" data-element_type=\"container\" data-e-type=\"container\">\n\t\t\t\t\t<div class=\"e-con-inner\">\n\t\t<div class=\"elementor-element elementor-element-d80c90e e-con-full elementor-hidden-tablet elementor-hidden-mobile e-flex e-con e-child\" data-id=\"d80c90e\" data-element_type=\"container\" data-e-type=\"container\" data-settings=\"{&quot;background_background&quot;:&quot;classic&quot;}\">\n\t\t\t\t<div class=\"elementor-element elementor-element-77cad92 elementor-widget elementor-widget-image\" data-id=\"77cad92\" data-element_type=\"widget\" data-e-type=\"widget\" data-widget_type=\"image.default\">\n\t\t\t\t<div class=\"elementor-widget-container\">\n\t\t\t\t\t\t\t\t\t\t\t\t\t\t\t<img fetchpriority=\"high\" decoding=\"async\" width=\"800\" height=\"534\" src=\"https:\/\/tienda.usanlek.com\/wp-content\/uploads\/2025\/01\/1963-1024x683.jpg\" class=\"attachment-large size-large wp-image-361\" alt=\"\" srcset=\"https:\/\/tienda.usanlek.com\/wp-content\/uploads\/2025\/01\/1963-1024x683.jpg 1024w, https:\/\/tienda.usanlek.com\/wp-content\/uploads\/2025\/01\/1963-300x200.jpg 300w, https:\/\/tienda.usanlek.com\/wp-content\/uploads\/2025\/01\/1963-768x512.jpg 768w, https:\/\/tienda.usanlek.com\/wp-content\/uploads\/2025\/01\/1963-18x12.jpg 18w, https:\/\/tienda.usanlek.com\/wp-content\/uploads\/2025\/01\/1963.jpg 1500w\" sizes=\"(max-width: 800px) 100vw, 800px\" \/>\t\t\t\t\t\t\t\t\t\t\t\t\t\t\t<\/div>\n\t\t\t\t<\/div>\n\t\t\t\t<\/div>\n\t\t<div class=\"elementor-element elementor-element-a257e21 e-con-full e-flex e-con e-child\" data-id=\"a257e21\" data-element_type=\"container\" data-e-type=\"container\">\n\t\t\t\t<div class=\"elementor-element elementor-element-221a81e elementor-widget elementor-widget-text-editor\" data-id=\"221a81e\" data-element_type=\"widget\" data-e-type=\"widget\" data-widget_type=\"text-editor.default\">\n\t\t\t\t<div class=\"elementor-widget-container\">\n\t\t\t\t\t\t\t\t\t<p class=\"font_8 wixui-rich-text__text\"><span class=\"wixui-rich-text__text\"><span class=\"color_15 wixui-rich-text__text\">Somos una empresa con una trayectoria profesional de m\u00e1s de 20 a\u00f1os en el sector de las telecomunicaciones e instalaciones el\u00e9ctricas.<\/span><\/span><\/p><p class=\"font_8 wixui-rich-text__text\"><span class=\"wixui-rich-text__text\"><span class=\"wixGuard wixui-rich-text__text\">\u200b<\/span><\/span><span class=\"wixui-rich-text__text\"><span class=\"color_15 wixui-rich-text__text\">Comenzamos nuestra andadura principalmente en el \u00e1mbito local, para despu\u00e9s desarrollar nuestros servicios seg\u00fan necesidad, en el \u00e1mbito provincial. Extendi\u00e9ndonos as\u00ed, por toda la provincia de Vizcaya y provincias lim\u00edtrofes.<\/span><\/span><\/p><p class=\"font_8 wixui-rich-text__text\"><span class=\"wixui-rich-text__text\"><span class=\"color_15 wixui-rich-text__text\">Desarrollamos nuestro trabajo llave en mano, desde el inicio de cada proyecto hasta la finalizaci\u00f3n del mismo. Asesorando con un trato personal y directo a nuestros clientes en todo lo que nos compete en cada una de las fases: instalaciones el\u00e9ctricas, telecomunicaciones e iluminaci\u00f3n.\u00a0<\/span><\/span><\/p><p class=\"font_8 wixui-rich-text__text\"><span class=\"wixui-rich-text__text\"><span class=\"color_15 wixui-rich-text__text\">Bezero bakoitzaren beharretara egokitzen gara espazio paregabeak sortzeko, gure esperientzia zabala eskainiz. Hori guztia gogobetetze-maila altu batek bermatzen du.<\/span><\/span><\/p>\t\t\t\t\t\t\t\t<\/div>\n\t\t\t\t<\/div>\n\t\t\t\t<div class=\"elementor-element elementor-element-6a48642 elementor-hidden-desktop elementor-widget elementor-widget-image\" data-id=\"6a48642\" data-element_type=\"widget\" data-e-type=\"widget\" data-widget_type=\"image.default\">\n\t\t\t\t<div class=\"elementor-widget-container\">\n\t\t\t\t\t\t\t\t\t\t\t\t\t\t\t<img fetchpriority=\"high\" decoding=\"async\" width=\"800\" height=\"534\" src=\"https:\/\/tienda.usanlek.com\/wp-content\/uploads\/2025\/01\/1963-1024x683.jpg\" class=\"attachment-large size-large wp-image-361\" alt=\"\" srcset=\"https:\/\/tienda.usanlek.com\/wp-content\/uploads\/2025\/01\/1963-1024x683.jpg 1024w, https:\/\/tienda.usanlek.com\/wp-content\/uploads\/2025\/01\/1963-300x200.jpg 300w, https:\/\/tienda.usanlek.com\/wp-content\/uploads\/2025\/01\/1963-768x512.jpg 768w, https:\/\/tienda.usanlek.com\/wp-content\/uploads\/2025\/01\/1963-18x12.jpg 18w, https:\/\/tienda.usanlek.com\/wp-content\/uploads\/2025\/01\/1963.jpg 1500w\" sizes=\"(max-width: 800px) 100vw, 800px\" \/>\t\t\t\t\t\t\t\t\t\t\t\t\t\t\t<\/div>\n\t\t\t\t<\/div>\n\t\t\t\t<div class=\"elementor-element elementor-element-3f54297 elementor-widget elementor-widget-heading\" data-id=\"3f54297\" data-element_type=\"widget\" data-e-type=\"widget\" data-widget_type=\"heading.default\">\n\t\t\t\t<div class=\"elementor-widget-container\">\n\t\t\t\t\t<h2 class=\"elementor-heading-title elementor-size-default\">Creamos espacios \u00fanicos para ti, adapt\u00e1ndonos a tus necesidades. Haz realidad tu proyecto.<\/h2>\t\t\t\t<\/div>\n\t\t\t\t<\/div>\n\t\t\t\t<div class=\"elementor-element elementor-element-eef437e elementor-align-center elementor-widget elementor-widget-button\" data-id=\"eef437e\" data-element_type=\"widget\" data-e-type=\"widget\" data-widget_type=\"button.default\">\n\t\t\t\t<div class=\"elementor-widget-container\">\n\t\t\t\t\t\t\t\t\t<div class=\"elementor-button-wrapper\">\n\t\t\t\t\t<a class=\"elementor-button elementor-button-link elementor-size-sm\" href=\"https:\/\/tienda.usanlek.com\/eu\/contacto\/\">\n\t\t\t\t\t\t<span class=\"elementor-button-content-wrapper\">\n\t\t\t\t\t\t\t\t\t<span class=\"elementor-button-text\">Solicita tu presupuesto<\/span>\n\t\t\t\t\t<\/span>\n\t\t\t\t\t<\/a>\n\t\t\t\t<\/div>\n\t\t\t\t\t\t\t\t<\/div>\n\t\t\t\t<\/div>\n\t\t\t\t<\/div>\n\t\t\t\t\t<\/div>\n\t\t\t\t<\/div>\n\t\t<div class=\"elementor-element elementor-element-25223ae e-con-full e-flex e-con e-parent\" data-id=\"25223ae\" data-element_type=\"container\" data-e-type=\"container\" data-settings=\"{&quot;background_background&quot;:&quot;classic&quot;}\">\n\t\t\t\t<div class=\"elementor-element elementor-element-acae366 elementor-widget elementor-widget-image-carousel\" data-id=\"acae366\" data-element_type=\"widget\" data-e-type=\"widget\" data-settings=\"{&quot;slides_to_show&quot;:&quot;5&quot;,&quot;navigation&quot;:&quot;none&quot;,&quot;autoplay_speed&quot;:2500,&quot;image_spacing_custom&quot;:{&quot;unit&quot;:&quot;px&quot;,&quot;size&quot;:0,&quot;sizes&quot;:[]},&quot;autoplay&quot;:&quot;yes&quot;,&quot;infinite&quot;:&quot;yes&quot;,&quot;speed&quot;:500,&quot;image_spacing_custom_tablet&quot;:{&quot;unit&quot;:&quot;px&quot;,&quot;size&quot;:&quot;&quot;,&quot;sizes&quot;:[]},&quot;image_spacing_custom_mobile&quot;:{&quot;unit&quot;:&quot;px&quot;,&quot;size&quot;:&quot;&quot;,&quot;sizes&quot;:[]}}\" data-widget_type=\"image-carousel.default\">\n\t\t\t\t<div class=\"elementor-widget-container\">\n\t\t\t\t\t\t\t<div class=\"elementor-image-carousel-wrapper swiper\" role=\"region\" aria-roledescription=\"carousel\" aria-label=\"Carrusel de im\u00e1genes\" dir=\"ltr\">\n\t\t\t<div class=\"elementor-image-carousel swiper-wrapper\" aria-live=\"off\">\n\t\t\t\t\t\t\t\t<div class=\"swiper-slide\" role=\"group\" aria-roledescription=\"slide\" aria-label=\"1 de 11\"><figure class=\"swiper-slide-inner\"><img decoding=\"async\" class=\"swiper-slide-image\" src=\"https:\/\/tienda.usanlek.com\/wp-content\/uploads\/elementor\/thumbs\/nobody-empty-call-center-workstation-with-computers-audio-instruments-no-people-customer-service-office-desks-with-telecommunications-technology-offering-helpline-assistance-scaled-qzt4eb01or4t0uvp5e2fz78zzfczuf8s4ribm52thg.jpg\" alt=\"Nobody in empty call center workstation with computers and audio instruments. No people at customer service office desks with telecommunications technology, offering helpline assistance.\" \/><\/figure><\/div><div class=\"swiper-slide\" role=\"group\" aria-roledescription=\"slide\" aria-label=\"2 de 11\"><figure class=\"swiper-slide-inner\"><img decoding=\"async\" class=\"swiper-slide-image\" src=\"https:\/\/tienda.usanlek.com\/wp-content\/uploads\/elementor\/thumbs\/3d-rendering-modern-interior-controlled-by-smartphone-app-scaled-qzt4e4f6cwvsrl597t81zqwrtq9fcjinruxx97ckp0.jpg\" alt=\"3D rendering of a modern interior controlled by a smartphone app\" \/><\/figure><\/div><div class=\"swiper-slide\" role=\"group\" aria-roledescription=\"slide\" aria-label=\"3 de 11\"><figure class=\"swiper-slide-inner\"><img decoding=\"async\" class=\"swiper-slide-image\" src=\"https:\/\/tienda.usanlek.com\/wp-content\/uploads\/elementor\/thumbs\/1963-qzt3mkrg2p6aiz5p2eknf75h4816rv5ubionya6x1g.jpg\" alt=\"1963\" \/><\/figure><\/div><div class=\"swiper-slide\" role=\"group\" aria-roledescription=\"slide\" aria-label=\"4 de 11\"><figure class=\"swiper-slide-inner\"><img decoding=\"async\" class=\"swiper-slide-image\" src=\"https:\/\/tienda.usanlek.com\/wp-content\/uploads\/elementor\/thumbs\/2148882660-qzt3aupwu34jq26qiu55tnnie7tdrrmd1hrnh1kon8.jpg\" alt=\"2148882660\" \/><\/figure><\/div><div class=\"swiper-slide\" role=\"group\" aria-roledescription=\"slide\" aria-label=\"5 de 11\"><figure class=\"swiper-slide-inner\"><img decoding=\"async\" class=\"swiper-slide-image\" src=\"https:\/\/tienda.usanlek.com\/wp-content\/uploads\/elementor\/thumbs\/efd745_cc646ffac29f48469ccd11da922b4db9mv2-qz4s6gh6t9zeyy2v2e04f6j9cuyzx8cr97nwingeys.jpg\" alt=\"efd745_cc646ffac29f48469ccd11da922b4db9~mv2\" \/><\/figure><\/div><div class=\"swiper-slide\" role=\"group\" aria-roledescription=\"slide\" aria-label=\"6 de 11\"><figure class=\"swiper-slide-inner\"><img decoding=\"async\" class=\"swiper-slide-image\" src=\"https:\/\/tienda.usanlek.com\/wp-content\/uploads\/elementor\/thumbs\/person-is-using-tablet-with-smart-home-it-scaled-qzt4dxub12msibeta8do0akjo15uunsjeydiw9mbwk.jpg\" alt=\"person-is-using-tablet-with-smart-home-it\" \/><\/figure><\/div><div class=\"swiper-slide\" role=\"group\" aria-roledescription=\"slide\" aria-label=\"7 de 11\"><figure class=\"swiper-slide-inner\"><img decoding=\"async\" class=\"swiper-slide-image\" src=\"https:\/\/tienda.usanlek.com\/wp-content\/uploads\/elementor\/thumbs\/computer-with-headsets-scaled-qzt4en7y5llj7sdy61cldm5zpformhlaifzmuqkp8k.jpg\" alt=\"Computer with headsets at office\" \/><\/figure><\/div><div class=\"swiper-slide\" role=\"group\" aria-roledescription=\"slide\" aria-label=\"8 de 11\"><figure class=\"swiper-slide-inner\"><img decoding=\"async\" class=\"swiper-slide-image\" src=\"https:\/\/tienda.usanlek.com\/wp-content\/uploads\/elementor\/thumbs\/efd745_dd0adaa676834a03a99393e2815d0fdbmv2-qz4tw7hhsgijoqdthkwsq3ke94m2lehy2uj8i1wc78.jpg\" alt=\"efd745_dd0adaa676834a03a99393e2815d0fdb~mv2\" \/><\/figure><\/div><div class=\"swiper-slide\" role=\"group\" aria-roledescription=\"slide\" aria-label=\"9 de 11\"><figure class=\"swiper-slide-inner\"><img decoding=\"async\" class=\"swiper-slide-image\" src=\"https:\/\/tienda.usanlek.com\/wp-content\/uploads\/elementor\/thumbs\/efd745_fe170568edaf4abcace533cea848a7f4mv2-qz4tw2sauac42okn90vnvmr3a798iwzae79t3o3b2c.jpeg\" alt=\"efd745_fe170568edaf4abcace533cea848a7f4~mv2\" \/><\/figure><\/div><div class=\"swiper-slide\" role=\"group\" aria-roledescription=\"slide\" aria-label=\"10 de 11\"><figure class=\"swiper-slide-inner\"><img decoding=\"async\" class=\"swiper-slide-image\" src=\"https:\/\/tienda.usanlek.com\/wp-content\/uploads\/elementor\/thumbs\/efd745_d24f3657b3214df58a1c419dabf38a4fmv2-qz4suk281cz2n12ncb0rullpni6s9v108ht2h1q1fo.jpg\" alt=\"efd745_d24f3657b3214df58a1c419dabf38a4f~mv2\" \/><\/figure><\/div><div class=\"swiper-slide\" role=\"group\" aria-roledescription=\"slide\" aria-label=\"11 de 11\"><figure class=\"swiper-slide-inner\"><img decoding=\"async\" class=\"swiper-slide-image\" src=\"https:\/\/tienda.usanlek.com\/wp-content\/uploads\/elementor\/thumbs\/efd745_dae152b9ebd44f9cb6d754e45ddd50cemv2-qz4tw4nz7yeopwhwy1ox0ma0gyzyyb6r2gks280ipw.jpg\" alt=\"efd745_dae152b9ebd44f9cb6d754e45ddd50ce~mv2\" \/><\/figure><\/div>\t\t\t<\/div>\n\t\t\t\t\t\t\t\n\t\t\t\t\t\t\t\t\t<\/div>\n\t\t\t\t\t\t<\/div>\n\t\t\t\t<\/div>\n\t\t\t\t<\/div>\n\t\t\t\t<\/div>","protected":false},"excerpt":{"rendered":"<p>Somos una empresa con una trayectoria profesional de m\u00e1s de 20 a\u00f1os en el sector de las telecomunicaciones e instalaciones el\u00e9ctricas. \u200bComenzamos nuestra andadura principalmente en el \u00e1mbito local, para despu\u00e9s desarrollar nuestros servicios seg\u00fan necesidad, en el \u00e1mbito provincial. Extendi\u00e9ndonos as\u00ed, por toda la provincia de Vizcaya y provincias lim\u00edtrofes. Desarrollamos nuestro trabajo llave [&hellip;]<\/p>\n","protected":false},"author":1,"featured_media":0,"parent":0,"menu_order":0,"comment_status":"closed","ping_status":"closed","template":"","meta":{"footnotes":""},"class_list":["post-146","page","type-page","status-publish","hentry"],"yoast_head":"<!-- This site is optimized with the Yoast SEO plugin v27.3 - https:\/\/yoast.com\/product\/yoast-seo-wordpress\/ -->\n<title>Sobre Nosotros - Usanlek<\/title>\n<meta name=\"robots\" content=\"index, follow, max-snippet:-1, max-image-preview:large, max-video-preview:-1\" \/>\n<link rel=\"canonical\" href=\"https:\/\/tienda.usanlek.com\/eu\/sobre-nosotros\/\" \/>\n<meta property=\"og:locale\" content=\"en_US\" \/>\n<meta property=\"og:type\" content=\"article\" \/>\n<meta property=\"og:title\" content=\"Sobre Nosotros - Usanlek\" \/>\n<meta property=\"og:description\" content=\"Somos una empresa con una trayectoria profesional de m\u00e1s de 20 a\u00f1os en el sector de las telecomunicaciones e instalaciones el\u00e9ctricas. \u200bComenzamos nuestra andadura principalmente en el \u00e1mbito local, para despu\u00e9s desarrollar nuestros servicios seg\u00fan necesidad, en el \u00e1mbito provincial. Extendi\u00e9ndonos as\u00ed, por toda la provincia de Vizcaya y provincias lim\u00edtrofes. Desarrollamos nuestro trabajo llave [&hellip;]\" \/>\n<meta property=\"og:url\" content=\"https:\/\/tienda.usanlek.com\/eu\/sobre-nosotros\/\" \/>\n<meta property=\"og:site_name\" content=\"Usanlek\" \/>\n<meta property=\"article:modified_time\" content=\"2025-01-17T12:32:47+00:00\" \/>\n<meta property=\"og:image\" content=\"https:\/\/tienda.usanlek.com\/wp-content\/uploads\/2025\/01\/1963.jpg\" \/>\n\t<meta property=\"og:image:width\" content=\"1500\" \/>\n\t<meta property=\"og:image:height\" content=\"1000\" \/>\n\t<meta property=\"og:image:type\" content=\"image\/jpeg\" \/>\n<meta name=\"twitter:card\" content=\"summary_large_image\" \/>\n<meta name=\"twitter:label1\" content=\"Est. reading time\" \/>\n\t<meta name=\"twitter:data1\" content=\"6 minutua\" \/>\n<script type=\"application\/ld+json\" class=\"yoast-schema-graph\">{\"@context\":\"https:\\\/\\\/schema.org\",\"@graph\":[{\"@type\":\"WebPage\",\"@id\":\"https:\\\/\\\/tienda.usanlek.com\\\/sobre-nosotros\\\/\",\"url\":\"https:\\\/\\\/tienda.usanlek.com\\\/sobre-nosotros\\\/\",\"name\":\"Sobre Nosotros - Usanlek\",\"isPartOf\":{\"@id\":\"https:\\\/\\\/tienda.usanlek.com\\\/#website\"},\"primaryImageOfPage\":{\"@id\":\"https:\\\/\\\/tienda.usanlek.com\\\/sobre-nosotros\\\/#primaryimage\"},\"image\":{\"@id\":\"https:\\\/\\\/tienda.usanlek.com\\\/sobre-nosotros\\\/#primaryimage\"},\"thumbnailUrl\":\"https:\\\/\\\/tienda.usanlek.com\\\/wp-content\\\/uploads\\\/2025\\\/01\\\/1963-1024x683.jpg\",\"datePublished\":\"2024-12-27T11:38:16+00:00\",\"dateModified\":\"2025-01-17T12:32:47+00:00\",\"breadcrumb\":{\"@id\":\"https:\\\/\\\/tienda.usanlek.com\\\/sobre-nosotros\\\/#breadcrumb\"},\"inLanguage\":\"eu\",\"potentialAction\":[{\"@type\":\"ReadAction\",\"target\":[\"https:\\\/\\\/tienda.usanlek.com\\\/sobre-nosotros\\\/\"]}]},{\"@type\":\"ImageObject\",\"inLanguage\":\"eu\",\"@id\":\"https:\\\/\\\/tienda.usanlek.com\\\/sobre-nosotros\\\/#primaryimage\",\"url\":\"https:\\\/\\\/tienda.usanlek.com\\\/wp-content\\\/uploads\\\/2025\\\/01\\\/1963-1024x683.jpg\",\"contentUrl\":\"https:\\\/\\\/tienda.usanlek.com\\\/wp-content\\\/uploads\\\/2025\\\/01\\\/1963-1024x683.jpg\"},{\"@type\":\"BreadcrumbList\",\"@id\":\"https:\\\/\\\/tienda.usanlek.com\\\/sobre-nosotros\\\/#breadcrumb\",\"itemListElement\":[{\"@type\":\"ListItem\",\"position\":1,\"name\":\"Portada\",\"item\":\"https:\\\/\\\/tienda.usanlek.com\\\/\"},{\"@type\":\"ListItem\",\"position\":2,\"name\":\"Sobre Nosotros\"}]},{\"@type\":\"WebSite\",\"@id\":\"https:\\\/\\\/tienda.usanlek.com\\\/#website\",\"url\":\"https:\\\/\\\/tienda.usanlek.com\\\/\",\"name\":\"Usanlek\",\"description\":\"Instalaciones El\u00e9ctricas\",\"publisher\":{\"@id\":\"https:\\\/\\\/tienda.usanlek.com\\\/#organization\"},\"potentialAction\":[{\"@type\":\"SearchAction\",\"target\":{\"@type\":\"EntryPoint\",\"urlTemplate\":\"https:\\\/\\\/tienda.usanlek.com\\\/?s={search_term_string}\"},\"query-input\":{\"@type\":\"PropertyValueSpecification\",\"valueRequired\":true,\"valueName\":\"search_term_string\"}}],\"inLanguage\":\"eu\"},{\"@type\":\"Organization\",\"@id\":\"https:\\\/\\\/tienda.usanlek.com\\\/#organization\",\"name\":\"Usanlek\",\"url\":\"https:\\\/\\\/tienda.usanlek.com\\\/\",\"logo\":{\"@type\":\"ImageObject\",\"inLanguage\":\"eu\",\"@id\":\"https:\\\/\\\/tienda.usanlek.com\\\/#\\\/schema\\\/logo\\\/image\\\/\",\"url\":\"https:\\\/\\\/tienda.usanlek.com\\\/wp-content\\\/uploads\\\/2024\\\/12\\\/cropped-Logo-Usanlek-01.png\",\"contentUrl\":\"https:\\\/\\\/tienda.usanlek.com\\\/wp-content\\\/uploads\\\/2024\\\/12\\\/cropped-Logo-Usanlek-01.png\",\"width\":1794,\"height\":482,\"caption\":\"Usanlek\"},\"image\":{\"@id\":\"https:\\\/\\\/tienda.usanlek.com\\\/#\\\/schema\\\/logo\\\/image\\\/\"}}]}<\/script>\n<!-- \/ Yoast SEO plugin. -->","yoast_head_json":{"title":"Sobre Nosotros - Usanlek","robots":{"index":"index","follow":"follow","max-snippet":"max-snippet:-1","max-image-preview":"max-image-preview:large","max-video-preview":"max-video-preview:-1"},"canonical":"https:\/\/tienda.usanlek.com\/eu\/sobre-nosotros\/","og_locale":"en_US","og_type":"article","og_title":"Sobre Nosotros - Usanlek","og_description":"Somos una empresa con una trayectoria profesional de m\u00e1s de 20 a\u00f1os en el sector de las telecomunicaciones e instalaciones el\u00e9ctricas. \u200bComenzamos nuestra andadura principalmente en el \u00e1mbito local, para despu\u00e9s desarrollar nuestros servicios seg\u00fan necesidad, en el \u00e1mbito provincial. Extendi\u00e9ndonos as\u00ed, por toda la provincia de Vizcaya y provincias lim\u00edtrofes. Desarrollamos nuestro trabajo llave [&hellip;]","og_url":"https:\/\/tienda.usanlek.com\/eu\/sobre-nosotros\/","og_site_name":"Usanlek","article_modified_time":"2025-01-17T12:32:47+00:00","og_image":[{"width":1500,"height":1000,"url":"https:\/\/tienda.usanlek.com\/wp-content\/uploads\/2025\/01\/1963.jpg","type":"image\/jpeg"}],"twitter_card":"summary_large_image","twitter_misc":{"Est. reading time":"6 minutua"},"schema":{"@context":"https:\/\/schema.org","@graph":[{"@type":"WebPage","@id":"https:\/\/tienda.usanlek.com\/sobre-nosotros\/","url":"https:\/\/tienda.usanlek.com\/sobre-nosotros\/","name":"Sobre Nosotros - Usanlek","isPartOf":{"@id":"https:\/\/tienda.usanlek.com\/#website"},"primaryImageOfPage":{"@id":"https:\/\/tienda.usanlek.com\/sobre-nosotros\/#primaryimage"},"image":{"@id":"https:\/\/tienda.usanlek.com\/sobre-nosotros\/#primaryimage"},"thumbnailUrl":"https:\/\/tienda.usanlek.com\/wp-content\/uploads\/2025\/01\/1963-1024x683.jpg","datePublished":"2024-12-27T11:38:16+00:00","dateModified":"2025-01-17T12:32:47+00:00","breadcrumb":{"@id":"https:\/\/tienda.usanlek.com\/sobre-nosotros\/#breadcrumb"},"inLanguage":"eu","potentialAction":[{"@type":"ReadAction","target":["https:\/\/tienda.usanlek.com\/sobre-nosotros\/"]}]},{"@type":"ImageObject","inLanguage":"eu","@id":"https:\/\/tienda.usanlek.com\/sobre-nosotros\/#primaryimage","url":"https:\/\/tienda.usanlek.com\/wp-content\/uploads\/2025\/01\/1963-1024x683.jpg","contentUrl":"https:\/\/tienda.usanlek.com\/wp-content\/uploads\/2025\/01\/1963-1024x683.jpg"},{"@type":"BreadcrumbList","@id":"https:\/\/tienda.usanlek.com\/sobre-nosotros\/#breadcrumb","itemListElement":[{"@type":"ListItem","position":1,"name":"Portada","item":"https:\/\/tienda.usanlek.com\/"},{"@type":"ListItem","position":2,"name":"Sobre Nosotros"}]},{"@type":"WebSite","@id":"https:\/\/tienda.usanlek.com\/#website","url":"https:\/\/tienda.usanlek.com\/","name":"Usanlek","description":"Instalaciones El\u00e9ctricas","publisher":{"@id":"https:\/\/tienda.usanlek.com\/#organization"},"potentialAction":[{"@type":"SearchAction","target":{"@type":"EntryPoint","urlTemplate":"https:\/\/tienda.usanlek.com\/?s={search_term_string}"},"query-input":{"@type":"PropertyValueSpecification","valueRequired":true,"valueName":"search_term_string"}}],"inLanguage":"eu"},{"@type":"Organization","@id":"https:\/\/tienda.usanlek.com\/#organization","name":"Usanlek","url":"https:\/\/tienda.usanlek.com\/","logo":{"@type":"ImageObject","inLanguage":"eu","@id":"https:\/\/tienda.usanlek.com\/#\/schema\/logo\/image\/","url":"https:\/\/tienda.usanlek.com\/wp-content\/uploads\/2024\/12\/cropped-Logo-Usanlek-01.png","contentUrl":"https:\/\/tienda.usanlek.com\/wp-content\/uploads\/2024\/12\/cropped-Logo-Usanlek-01.png","width":1794,"height":482,"caption":"Usanlek"},"image":{"@id":"https:\/\/tienda.usanlek.com\/#\/schema\/logo\/image\/"}}]}},"_links":{"self":[{"href":"https:\/\/tienda.usanlek.com\/eu\/wp-json\/wp\/v2\/pages\/146","targetHints":{"allow":["GET"]}}],"collection":[{"href":"https:\/\/tienda.usanlek.com\/eu\/wp-json\/wp\/v2\/pages"}],"about":[{"href":"https:\/\/tienda.usanlek.com\/eu\/wp-json\/wp\/v2\/types\/page"}],"author":[{"embeddable":true,"href":"https:\/\/tienda.usanlek.com\/eu\/wp-json\/wp\/v2\/users\/1"}],"replies":[{"embeddable":true,"href":"https:\/\/tienda.usanlek.com\/eu\/wp-json\/wp\/v2\/comments?post=146"}],"version-history":[{"count":70,"href":"https:\/\/tienda.usanlek.com\/eu\/wp-json\/wp\/v2\/pages\/146\/revisions"}],"predecessor-version":[{"id":602,"href":"https:\/\/tienda.usanlek.com\/eu\/wp-json\/wp\/v2\/pages\/146\/revisions\/602"}],"wp:attachment":[{"href":"https:\/\/tienda.usanlek.com\/eu\/wp-json\/wp\/v2\/media?parent=146"}],"curies":[{"name":"wp","href":"https:\/\/api.w.org\/{rel}","templated":true}]}}