{"id":20,"date":"2024-12-27T11:37:20","date_gmt":"2024-12-27T11:37:20","guid":{"rendered":"https:\/\/usanlek.rkinformatika.online\/?page_id=20"},"modified":"2025-01-17T13:01:19","modified_gmt":"2025-01-17T13:01:19","slug":"home","status":"publish","type":"page","link":"https:\/\/tienda.usanlek.com\/eu\/","title":{"rendered":"Hasiera"},"content":{"rendered":"<div data-elementor-type=\"wp-page\" data-elementor-id=\"20\" class=\"elementor elementor-20\" data-elementor-post-type=\"page\">\n\t\t\t\t<div class=\"elementor-element elementor-element-2a6361f e-con-full e-flex e-con e-parent\" data-id=\"2a6361f\" data-element_type=\"container\" data-e-type=\"container\" data-settings=\"{&quot;background_background&quot;:&quot;classic&quot;}\">\n\t\t<div class=\"elementor-element elementor-element-3149b4b e-con-full elementor-hidden-tablet elementor-hidden-mobile e-flex e-con e-child\" data-id=\"3149b4b\" data-element_type=\"container\" data-e-type=\"container\" data-settings=\"{&quot;background_background&quot;:&quot;classic&quot;}\">\n\t\t\t\t<\/div>\n\t\t<div class=\"elementor-element elementor-element-e60a33e e-con-full elementor-hidden-tablet elementor-hidden-mobile e-flex e-con e-child\" data-id=\"e60a33e\" data-element_type=\"container\" data-e-type=\"container\" data-settings=\"{&quot;background_background&quot;:&quot;classic&quot;}\">\n\t\t\t\t<\/div>\n\t\t<div class=\"elementor-element elementor-element-03f2bac e-con-full e-flex e-con e-child\" data-id=\"03f2bac\" data-element_type=\"container\" data-e-type=\"container\" data-settings=\"{&quot;background_background&quot;:&quot;classic&quot;}\">\n\t\t\t\t<div class=\"elementor-element elementor-element-bc2043e elementor-widget elementor-widget-heading\" data-id=\"bc2043e\" data-element_type=\"widget\" data-e-type=\"widget\" data-widget_type=\"heading.default\">\n\t\t\t\t<div class=\"elementor-widget-container\">\n\t\t\t\t\t<h2 class=\"elementor-heading-title elementor-size-default\">Ezagutu gaitzazu<\/h2>\t\t\t\t<\/div>\n\t\t\t\t<\/div>\n\t\t\t\t<div class=\"elementor-element elementor-element-9a67399 elementor-widget elementor-widget-text-editor\" data-id=\"9a67399\" data-element_type=\"widget\" data-e-type=\"widget\" data-widget_type=\"text-editor.default\">\n\t\t\t\t<div class=\"elementor-widget-container\">\n\t\t\t\t\t\t\t\t\t<div id=\"comp-kbae6aww\" class=\"HcOXKn SxM0TO QxJLC3 lq2cno YQcXTT comp-kbae6aww wixui-rich-text\" data-testid=\"richTextElement\"><p class=\"font_8 wixui-rich-text__text\"><span class=\"wixui-rich-text__text\"><span class=\"color_15 wixui-rich-text__text\">Bezero bakoitzaren beharretara egokitzen gara espazio paregabeak sortzeko, gure esperientzia zabala eskainiz. Hori guztia gogobetetze-maila altu batek bermatzen du. <\/span><\/span><span class=\"wixui-rich-text__text\"><span class=\"color_15 wixui-rich-text__text\">Instalazio elektrikoetan, argiztapenean, telekomunikazioetan eta domotikan espezializatuak.<\/span><\/span><\/p><\/div>\t\t\t\t\t\t\t\t<\/div>\n\t\t\t\t<\/div>\n\t\t\t\t<div class=\"elementor-element elementor-element-8b710d8 elementor-mobile-align-center elementor-widget elementor-widget-button\" data-id=\"8b710d8\" data-element_type=\"widget\" data-e-type=\"widget\" data-widget_type=\"button.default\">\n\t\t\t\t<div class=\"elementor-widget-container\">\n\t\t\t\t\t\t\t\t\t<div class=\"elementor-button-wrapper\">\n\t\t\t\t\t<a class=\"elementor-button elementor-button-link elementor-size-sm\" href=\"https:\/\/tienda.usanlek.com\/eu\/sobre-nosotros\/\">\n\t\t\t\t\t\t<span class=\"elementor-button-content-wrapper\">\n\t\t\t\t\t\t\t\t\t<span class=\"elementor-button-text\">Nor Gara<\/span>\n\t\t\t\t\t<\/span>\n\t\t\t\t\t<\/a>\n\t\t\t\t<\/div>\n\t\t\t\t\t\t\t\t<\/div>\n\t\t\t\t<\/div>\n\t\t\t\t<\/div>\n\t\t\t\t<\/div>\n\t\t<div class=\"elementor-element elementor-element-75542a8 e-flex e-con-boxed e-con e-parent\" data-id=\"75542a8\" data-element_type=\"container\" data-e-type=\"container\" data-settings=\"{&quot;background_background&quot;:&quot;classic&quot;}\">\n\t\t\t\t\t<div class=\"e-con-inner\">\n\t\t\t\t<div class=\"elementor-element elementor-element-f305d5d elementor-widget elementor-widget-heading\" data-id=\"f305d5d\" data-element_type=\"widget\" data-e-type=\"widget\" data-widget_type=\"heading.default\">\n\t\t\t\t<div class=\"elementor-widget-container\">\n\t\t\t\t\t<h2 class=\"elementor-heading-title elementor-size-default\">ZERGATIK AUKERATU?<\/h2>\t\t\t\t<\/div>\n\t\t\t\t<\/div>\n\t\t\t\t\t<\/div>\n\t\t\t\t<\/div>\n\t\t<div class=\"elementor-element elementor-element-f07cee8 e-flex e-con-boxed e-con e-parent\" data-id=\"f07cee8\" data-element_type=\"container\" data-e-type=\"container\" data-settings=\"{&quot;background_background&quot;:&quot;classic&quot;}\">\n\t\t\t\t\t<div class=\"e-con-inner\">\n\t\t<div class=\"elementor-element elementor-element-cbe1709 e-con-full e-flex e-con e-child\" data-id=\"cbe1709\" data-element_type=\"container\" data-e-type=\"container\">\n\t\t\t\t<div class=\"elementor-element elementor-element-e3c377f elementor-view-default elementor-widget elementor-widget-icon\" data-id=\"e3c377f\" data-element_type=\"widget\" data-e-type=\"widget\" data-widget_type=\"icon.default\">\n\t\t\t\t<div class=\"elementor-widget-container\">\n\t\t\t\t\t\t\t<div class=\"elementor-icon-wrapper\">\n\t\t\t<div class=\"elementor-icon\">\n\t\t\t<svg aria-hidden=\"true\" class=\"e-font-icon-svg e-fas-hands-helping\" viewbox=\"0 0 640 512\" xmlns=\"http:\/\/www.w3.org\/2000\/svg\"><path d=\"M488 192H336v56c0 39.7-32.3 72-72 72s-72-32.3-72-72V126.4l-64.9 39C107.8 176.9 96 197.8 96 220.2v47.3l-80 46.2C.7 322.5-4.6 342.1 4.3 357.4l80 138.6c8.8 15.3 28.4 20.5 43.7 11.7L231.4 448H368c35.3 0 64-28.7 64-64h16c17.7 0 32-14.3 32-32v-64h8c13.3 0 24-10.7 24-24v-48c0-13.3-10.7-24-24-24zm147.7-37.4L555.7 16C546.9.7 527.3-4.5 512 4.3L408.6 64H306.4c-12 0-23.7 3.4-33.9 9.7L239 94.6c-9.4 5.8-15 16.1-15 27.1V248c0 22.1 17.9 40 40 40s40-17.9 40-40v-88h184c30.9 0 56 25.1 56 56v28.5l80-46.2c15.3-8.9 20.5-28.4 11.7-43.7z\"><\/path><\/svg>\t\t\t<\/div>\n\t\t<\/div>\n\t\t\t\t\t\t<\/div>\n\t\t\t\t<\/div>\n\t\t\t\t<div class=\"elementor-element elementor-element-f1a4f2b elementor-widget elementor-widget-heading\" data-id=\"f1a4f2b\" data-element_type=\"widget\" data-e-type=\"widget\" data-widget_type=\"heading.default\">\n\t\t\t\t<div class=\"elementor-widget-container\">\n\t\t\t\t\t<h2 class=\"elementor-heading-title elementor-size-default\">AHOLKULARITZA TEKNIKO ESPEZIALIZATUA<\/h2>\t\t\t\t<\/div>\n\t\t\t\t<\/div>\n\t\t\t\t<\/div>\n\t\t<div class=\"elementor-element elementor-element-bdbfa30 e-con-full e-flex e-con e-child\" data-id=\"bdbfa30\" data-element_type=\"container\" data-e-type=\"container\">\n\t\t\t\t<div class=\"elementor-element elementor-element-db0fbee elementor-view-default elementor-widget elementor-widget-icon\" data-id=\"db0fbee\" data-element_type=\"widget\" data-e-type=\"widget\" data-widget_type=\"icon.default\">\n\t\t\t\t<div class=\"elementor-widget-container\">\n\t\t\t\t\t\t\t<div class=\"elementor-icon-wrapper\">\n\t\t\t<div class=\"elementor-icon\">\n\t\t\t<svg aria-hidden=\"true\" class=\"e-font-icon-svg e-fas-user\" viewbox=\"0 0 448 512\" xmlns=\"http:\/\/www.w3.org\/2000\/svg\"><path d=\"M224 256c70.7 0 128-57.3 128-128S294.7 0 224 0 96 57.3 96 128s57.3 128 128 128zm89.6 32h-16.7c-22.2 10.2-46.9 16-72.9 16s-50.6-5.8-72.9-16h-16.7C60.2 288 0 348.2 0 422.4V464c0 26.5 21.5 48 48 48h352c26.5 0 48-21.5 48-48v-41.6c0-74.2-60.2-134.4-134.4-134.4z\"><\/path><\/svg>\t\t\t<\/div>\n\t\t<\/div>\n\t\t\t\t\t\t<\/div>\n\t\t\t\t<\/div>\n\t\t\t\t<div class=\"elementor-element elementor-element-27ae4a4 elementor-widget elementor-widget-heading\" data-id=\"27ae4a4\" data-element_type=\"widget\" data-e-type=\"widget\" data-widget_type=\"heading.default\">\n\t\t\t\t<div class=\"elementor-widget-container\">\n\t\t\t\t\t<h2 class=\"elementor-heading-title elementor-size-default\">ZUZENEKO TRATUA<\/h2>\t\t\t\t<\/div>\n\t\t\t\t<\/div>\n\t\t\t\t<\/div>\n\t\t<div class=\"elementor-element elementor-element-58adae5 e-con-full e-flex e-con e-child\" data-id=\"58adae5\" data-element_type=\"container\" data-e-type=\"container\">\n\t\t\t\t<div class=\"elementor-element elementor-element-4757499 elementor-view-default elementor-widget elementor-widget-icon\" data-id=\"4757499\" data-element_type=\"widget\" data-e-type=\"widget\" data-widget_type=\"icon.default\">\n\t\t\t\t<div class=\"elementor-widget-container\">\n\t\t\t\t\t\t\t<div class=\"elementor-icon-wrapper\">\n\t\t\t<div class=\"elementor-icon\">\n\t\t\t<svg aria-hidden=\"true\" class=\"e-font-icon-svg e-fas-user-tie\" viewbox=\"0 0 448 512\" xmlns=\"http:\/\/www.w3.org\/2000\/svg\"><path d=\"M224 256c70.7 0 128-57.3 128-128S294.7 0 224 0 96 57.3 96 128s57.3 128 128 128zm95.8 32.6L272 480l-32-136 32-56h-96l32 56-32 136-47.8-191.4C56.9 292 0 350.3 0 422.4V464c0 26.5 21.5 48 48 48h352c26.5 0 48-21.5 48-48v-41.6c0-72.1-56.9-130.4-128.2-133.8z\"><\/path><\/svg>\t\t\t<\/div>\n\t\t<\/div>\n\t\t\t\t\t\t<\/div>\n\t\t\t\t<\/div>\n\t\t\t\t<div class=\"elementor-element elementor-element-c4aa41b elementor-widget elementor-widget-heading\" data-id=\"c4aa41b\" data-element_type=\"widget\" data-e-type=\"widget\" data-widget_type=\"heading.default\">\n\t\t\t\t<div class=\"elementor-widget-container\">\n\t\t\t\t\t<h2 class=\"elementor-heading-title elementor-size-default\">ESPERIENTZIA ZABALA\n<\/h2>\t\t\t\t<\/div>\n\t\t\t\t<\/div>\n\t\t\t\t<\/div>\n\t\t<div class=\"elementor-element elementor-element-27f61f8 e-con-full e-flex e-con e-child\" data-id=\"27f61f8\" data-element_type=\"container\" data-e-type=\"container\">\n\t\t\t\t<div class=\"elementor-element elementor-element-6efb3b5 elementor-view-default elementor-widget elementor-widget-icon\" data-id=\"6efb3b5\" data-element_type=\"widget\" data-e-type=\"widget\" data-widget_type=\"icon.default\">\n\t\t\t\t<div class=\"elementor-widget-container\">\n\t\t\t\t\t\t\t<div class=\"elementor-icon-wrapper\">\n\t\t\t<div class=\"elementor-icon\">\n\t\t\t<svg aria-hidden=\"true\" class=\"e-font-icon-svg e-fab-centos\" viewbox=\"0 0 448 512\" xmlns=\"http:\/\/www.w3.org\/2000\/svg\"><path d=\"M289.6 97.5l31.6 31.7-76.3 76.5V97.5zm-162.4 31.7l76.3 76.5V97.5h-44.7zm41.5-41.6h44.7v127.9l10.8 10.8 10.8-10.8V87.6h44.7L224.2 32zm26.2 168.1l-10.8-10.8H55.5v-44.8L0 255.7l55.5 55.6v-44.8h128.6l10.8-10.8zm79.3-20.7h107.9v-44.8l-31.6-31.7zm173.3 20.7L392 200.1v44.8H264.3l-10.8 10.8 10.8 10.8H392v44.8l55.5-55.6zM65.4 176.2l32.5-31.7 90.3 90.5h15.3v-15.3l-90.3-90.5 31.6-31.7H65.4zm316.7-78.7h-78.5l31.6 31.7-90.3 90.5V235h15.3l90.3-90.5 31.6 31.7zM203.5 413.9V305.8l-76.3 76.5 31.6 31.7h44.7zM65.4 235h108.8l-76.3-76.5-32.5 31.7zm316.7 100.2l-31.6 31.7-90.3-90.5h-15.3v15.3l90.3 90.5-31.6 31.7h78.5zm0-58.8H274.2l76.3 76.5 31.6-31.7zm-60.9 105.8l-76.3-76.5v108.1h44.7zM97.9 352.9l76.3-76.5H65.4v44.8zm181.8 70.9H235V295.9l-10.8-10.8-10.8 10.8v127.9h-44.7l55.5 55.6zm-166.5-41.6l90.3-90.5v-15.3h-15.3l-90.3 90.5-32.5-31.7v78.7h79.4z\"><\/path><\/svg>\t\t\t<\/div>\n\t\t<\/div>\n\t\t\t\t\t\t<\/div>\n\t\t\t\t<\/div>\n\t\t\t\t<div class=\"elementor-element elementor-element-4ae0ff8 elementor-widget elementor-widget-heading\" data-id=\"4ae0ff8\" data-element_type=\"widget\" data-e-type=\"widget\" data-widget_type=\"heading.default\">\n\t\t\t\t<div class=\"elementor-widget-container\">\n\t\t\t\t\t<h2 class=\"elementor-heading-title elementor-size-default\">SOLUZIO BERRITZAILEAK\n<\/h2>\t\t\t\t<\/div>\n\t\t\t\t<\/div>\n\t\t\t\t<\/div>\n\t\t\t\t\t<\/div>\n\t\t\t\t<\/div>\n\t\t<div class=\"elementor-element elementor-element-b08db25 e-con-full e-flex e-con e-parent\" data-id=\"b08db25\" data-element_type=\"container\" data-e-type=\"container\" data-settings=\"{&quot;background_background&quot;:&quot;classic&quot;}\">\n\t\t<div class=\"elementor-element elementor-element-ece51fd e-con-full e-flex e-con e-child\" data-id=\"ece51fd\" data-element_type=\"container\" data-e-type=\"container\">\n\t\t\t\t<\/div>\n\t\t<div class=\"elementor-element elementor-element-ad41e1e e-con-full e-flex e-con e-child\" data-id=\"ad41e1e\" data-element_type=\"container\" data-e-type=\"container\">\n\t\t\t\t<div class=\"elementor-element elementor-element-33be6aa elementor-widget elementor-widget-heading\" data-id=\"33be6aa\" data-element_type=\"widget\" data-e-type=\"widget\" data-widget_type=\"heading.default\">\n\t\t\t\t<div class=\"elementor-widget-container\">\n\t\t\t\t\t<h2 class=\"elementor-heading-title elementor-size-default\">Amaitutako proiektuak<\/h2>\t\t\t\t<\/div>\n\t\t\t\t<\/div>\n\t\t\t\t<\/div>\n\t\t<div class=\"elementor-element elementor-element-d37f532 e-con-full e-flex e-con e-child\" data-id=\"d37f532\" data-element_type=\"container\" data-e-type=\"container\">\n\t\t\t\t<\/div>\n\t\t<div class=\"elementor-element elementor-element-f573f31 e-con-full e-flex e-con e-child\" data-id=\"f573f31\" data-element_type=\"container\" data-e-type=\"container\" data-settings=\"{&quot;background_background&quot;:&quot;classic&quot;}\">\n\t\t\t\t<div class=\"elementor-element elementor-element-12c9a1e elementor-widget elementor-widget-spacer\" data-id=\"12c9a1e\" data-element_type=\"widget\" data-e-type=\"widget\" data-widget_type=\"spacer.default\">\n\t\t\t\t<div class=\"elementor-widget-container\">\n\t\t\t\t\t\t\t<div class=\"elementor-spacer\">\n\t\t\t<div class=\"elementor-spacer-inner\"><\/div>\n\t\t<\/div>\n\t\t\t\t\t\t<\/div>\n\t\t\t\t<\/div>\n\t\t\t\t<div class=\"elementor-element elementor-element-0f5b0c2 elementor-widget elementor-widget-heading\" data-id=\"0f5b0c2\" data-element_type=\"widget\" data-e-type=\"widget\" data-widget_type=\"heading.default\">\n\t\t\t\t<div class=\"elementor-widget-container\">\n\t\t\t\t\t<h2 class=\"elementor-heading-title elementor-size-default\">Komunitateak<\/h2>\t\t\t\t<\/div>\n\t\t\t\t<\/div>\n\t\t\t\t<\/div>\n\t\t<div class=\"elementor-element elementor-element-18d0bc7 e-con-full e-flex e-con e-child\" data-id=\"18d0bc7\" data-element_type=\"container\" data-e-type=\"container\" data-settings=\"{&quot;background_background&quot;:&quot;classic&quot;}\">\n\t\t\t\t<div class=\"elementor-element elementor-element-153cb80 elementor-widget elementor-widget-spacer\" data-id=\"153cb80\" data-element_type=\"widget\" data-e-type=\"widget\" data-widget_type=\"spacer.default\">\n\t\t\t\t<div class=\"elementor-widget-container\">\n\t\t\t\t\t\t\t<div class=\"elementor-spacer\">\n\t\t\t<div class=\"elementor-spacer-inner\"><\/div>\n\t\t<\/div>\n\t\t\t\t\t\t<\/div>\n\t\t\t\t<\/div>\n\t\t\t\t<div class=\"elementor-element elementor-element-8d85423 elementor-widget elementor-widget-heading\" data-id=\"8d85423\" data-element_type=\"widget\" data-e-type=\"widget\" data-widget_type=\"heading.default\">\n\t\t\t\t<div class=\"elementor-widget-container\">\n\t\t\t\t\t<h2 class=\"elementor-heading-title elementor-size-default\">Azoken muntaketak<\/h2>\t\t\t\t<\/div>\n\t\t\t\t<\/div>\n\t\t\t\t<\/div>\n\t\t<div class=\"elementor-element elementor-element-dab78cc e-con-full e-flex e-con e-child\" data-id=\"dab78cc\" data-element_type=\"container\" data-e-type=\"container\" data-settings=\"{&quot;background_background&quot;:&quot;classic&quot;}\">\n\t\t\t\t<div class=\"elementor-element elementor-element-79013dd elementor-widget elementor-widget-spacer\" data-id=\"79013dd\" data-element_type=\"widget\" data-e-type=\"widget\" data-widget_type=\"spacer.default\">\n\t\t\t\t<div class=\"elementor-widget-container\">\n\t\t\t\t\t\t\t<div class=\"elementor-spacer\">\n\t\t\t<div class=\"elementor-spacer-inner\"><\/div>\n\t\t<\/div>\n\t\t\t\t\t\t<\/div>\n\t\t\t\t<\/div>\n\t\t\t\t<div class=\"elementor-element elementor-element-8646fb3 elementor-widget elementor-widget-heading\" data-id=\"8646fb3\" data-element_type=\"widget\" data-e-type=\"widget\" data-widget_type=\"heading.default\">\n\t\t\t\t<div class=\"elementor-widget-container\">\n\t\t\t\t\t<h2 class=\"elementor-heading-title elementor-size-default\">Etxebizitzak<\/h2>\t\t\t\t<\/div>\n\t\t\t\t<\/div>\n\t\t\t\t<\/div>\n\t\t<div class=\"elementor-element elementor-element-acf570b e-con-full e-flex e-con e-child\" data-id=\"acf570b\" data-element_type=\"container\" data-e-type=\"container\">\n\t\t\t\t<\/div>\n\t\t<div class=\"elementor-element elementor-element-a2c4b09 e-con-full e-flex e-con e-child\" data-id=\"a2c4b09\" data-element_type=\"container\" data-e-type=\"container\">\n\t\t\t\t<div class=\"elementor-element elementor-element-d950d25 elementor-align-center elementor-widget elementor-widget-button\" data-id=\"d950d25\" data-element_type=\"widget\" data-e-type=\"widget\" data-widget_type=\"button.default\">\n\t\t\t\t<div class=\"elementor-widget-container\">\n\t\t\t\t\t\t\t\t\t<div class=\"elementor-button-wrapper\">\n\t\t\t\t\t<a class=\"elementor-button elementor-button-link elementor-size-sm\" href=\"https:\/\/tienda.usanlek.com\/eu\/servicios\/\">\n\t\t\t\t\t\t<span class=\"elementor-button-content-wrapper\">\n\t\t\t\t\t\t\t\t\t<span class=\"elementor-button-text\">Gure zerbitzu guztiak<\/span>\n\t\t\t\t\t<\/span>\n\t\t\t\t\t<\/a>\n\t\t\t\t<\/div>\n\t\t\t\t\t\t\t\t<\/div>\n\t\t\t\t<\/div>\n\t\t\t\t<\/div>\n\t\t<div class=\"elementor-element elementor-element-950e9ee e-con-full e-flex e-con e-child\" data-id=\"950e9ee\" data-element_type=\"container\" data-e-type=\"container\">\n\t\t\t\t<\/div>\n\t\t\t\t<\/div>\n\t\t\t\t<\/div>","protected":false},"excerpt":{"rendered":"<p>Con\u00f3cenos Nos adaptamos a las necesidades de cada cliente para crear espacios \u00fanicos, aportando nuestra dilatada experiencia. Todo ello, avalado por un alto grado de satisfacci\u00f3n. Especializados en instalaciones el\u00e9ctricas, iluminaci\u00f3n, telecomunicaciones y dom\u00f3tica. Quienes Somos \u00bfPOR QU\u00c9 ELEGIRNOS? ASESORAMIENTO T\u00c9CNICO ESPECIALIZADO TRATO DIRECTO DILATADA EXPERIENCIA SOLUCIONES INNOVADORAS Proyectos finalizados Comunidades Montajes de Ferias Viviendas [&hellip;]<\/p>\n","protected":false},"author":1,"featured_media":0,"parent":0,"menu_order":0,"comment_status":"closed","ping_status":"closed","template":"","meta":{"footnotes":""},"class_list":["post-20","page","type-page","status-publish","hentry"],"yoast_head":"<!-- This site is optimized with the Yoast SEO plugin v27.3 - https:\/\/yoast.com\/product\/yoast-seo-wordpress\/ -->\n<title>Home - Usanlek<\/title>\n<meta name=\"robots\" content=\"index, follow, max-snippet:-1, max-image-preview:large, max-video-preview:-1\" \/>\n<link rel=\"canonical\" href=\"https:\/\/tienda.usanlek.com\/eu\/\" \/>\n<meta property=\"og:locale\" content=\"en_US\" \/>\n<meta property=\"og:type\" content=\"article\" \/>\n<meta property=\"og:title\" content=\"Home - Usanlek\" \/>\n<meta property=\"og:description\" content=\"Con\u00f3cenos Nos adaptamos a las necesidades de cada cliente para crear espacios \u00fanicos, aportando nuestra dilatada experiencia. Todo ello, avalado por un alto grado de satisfacci\u00f3n. Especializados en instalaciones el\u00e9ctricas, iluminaci\u00f3n, telecomunicaciones y dom\u00f3tica. Quienes Somos \u00bfPOR QU\u00c9 ELEGIRNOS? ASESORAMIENTO T\u00c9CNICO ESPECIALIZADO TRATO DIRECTO DILATADA EXPERIENCIA SOLUCIONES INNOVADORAS Proyectos finalizados Comunidades Montajes de Ferias Viviendas [&hellip;]\" \/>\n<meta property=\"og:url\" content=\"https:\/\/tienda.usanlek.com\/eu\/\" \/>\n<meta property=\"og:site_name\" content=\"Usanlek\" \/>\n<meta property=\"article:modified_time\" content=\"2025-01-17T13:01:19+00:00\" \/>\n<meta name=\"twitter:card\" content=\"summary_large_image\" \/>\n<meta name=\"twitter:label1\" content=\"Est. reading time\" \/>\n\t<meta name=\"twitter:data1\" content=\"1 minutua\" \/>\n<script type=\"application\/ld+json\" class=\"yoast-schema-graph\">{\"@context\":\"https:\\\/\\\/schema.org\",\"@graph\":[{\"@type\":\"WebPage\",\"@id\":\"https:\\\/\\\/tienda.usanlek.com\\\/\",\"url\":\"https:\\\/\\\/tienda.usanlek.com\\\/\",\"name\":\"Home - Usanlek\",\"isPartOf\":{\"@id\":\"https:\\\/\\\/tienda.usanlek.com\\\/#website\"},\"datePublished\":\"2024-12-27T11:37:20+00:00\",\"dateModified\":\"2025-01-17T13:01:19+00:00\",\"breadcrumb\":{\"@id\":\"https:\\\/\\\/tienda.usanlek.com\\\/#breadcrumb\"},\"inLanguage\":\"eu\",\"potentialAction\":[{\"@type\":\"ReadAction\",\"target\":[\"https:\\\/\\\/tienda.usanlek.com\\\/\"]}]},{\"@type\":\"BreadcrumbList\",\"@id\":\"https:\\\/\\\/tienda.usanlek.com\\\/#breadcrumb\",\"itemListElement\":[{\"@type\":\"ListItem\",\"position\":1,\"name\":\"Portada\",\"item\":\"https:\\\/\\\/tienda.usanlek.com\\\/\"},{\"@type\":\"ListItem\",\"position\":2,\"name\":\"Home\"}]},{\"@type\":\"WebSite\",\"@id\":\"https:\\\/\\\/tienda.usanlek.com\\\/#website\",\"url\":\"https:\\\/\\\/tienda.usanlek.com\\\/\",\"name\":\"Usanlek\",\"description\":\"Instalaciones El\u00e9ctricas\",\"publisher\":{\"@id\":\"https:\\\/\\\/tienda.usanlek.com\\\/#organization\"},\"potentialAction\":[{\"@type\":\"SearchAction\",\"target\":{\"@type\":\"EntryPoint\",\"urlTemplate\":\"https:\\\/\\\/tienda.usanlek.com\\\/?s={search_term_string}\"},\"query-input\":{\"@type\":\"PropertyValueSpecification\",\"valueRequired\":true,\"valueName\":\"search_term_string\"}}],\"inLanguage\":\"eu\"},{\"@type\":\"Organization\",\"@id\":\"https:\\\/\\\/tienda.usanlek.com\\\/#organization\",\"name\":\"Usanlek\",\"url\":\"https:\\\/\\\/tienda.usanlek.com\\\/\",\"logo\":{\"@type\":\"ImageObject\",\"inLanguage\":\"eu\",\"@id\":\"https:\\\/\\\/tienda.usanlek.com\\\/#\\\/schema\\\/logo\\\/image\\\/\",\"url\":\"https:\\\/\\\/tienda.usanlek.com\\\/wp-content\\\/uploads\\\/2024\\\/12\\\/cropped-Logo-Usanlek-01.png\",\"contentUrl\":\"https:\\\/\\\/tienda.usanlek.com\\\/wp-content\\\/uploads\\\/2024\\\/12\\\/cropped-Logo-Usanlek-01.png\",\"width\":1794,\"height\":482,\"caption\":\"Usanlek\"},\"image\":{\"@id\":\"https:\\\/\\\/tienda.usanlek.com\\\/#\\\/schema\\\/logo\\\/image\\\/\"}}]}<\/script>\n<!-- \/ Yoast SEO plugin. -->","yoast_head_json":{"title":"Home - Usanlek","robots":{"index":"index","follow":"follow","max-snippet":"max-snippet:-1","max-image-preview":"max-image-preview:large","max-video-preview":"max-video-preview:-1"},"canonical":"https:\/\/tienda.usanlek.com\/eu\/","og_locale":"en_US","og_type":"article","og_title":"Home - Usanlek","og_description":"Con\u00f3cenos Nos adaptamos a las necesidades de cada cliente para crear espacios \u00fanicos, aportando nuestra dilatada experiencia. Todo ello, avalado por un alto grado de satisfacci\u00f3n. Especializados en instalaciones el\u00e9ctricas, iluminaci\u00f3n, telecomunicaciones y dom\u00f3tica. Quienes Somos \u00bfPOR QU\u00c9 ELEGIRNOS? ASESORAMIENTO T\u00c9CNICO ESPECIALIZADO TRATO DIRECTO DILATADA EXPERIENCIA SOLUCIONES INNOVADORAS Proyectos finalizados Comunidades Montajes de Ferias Viviendas [&hellip;]","og_url":"https:\/\/tienda.usanlek.com\/eu\/","og_site_name":"Usanlek","article_modified_time":"2025-01-17T13:01:19+00:00","twitter_card":"summary_large_image","twitter_misc":{"Est. reading time":"1 minutua"},"schema":{"@context":"https:\/\/schema.org","@graph":[{"@type":"WebPage","@id":"https:\/\/tienda.usanlek.com\/","url":"https:\/\/tienda.usanlek.com\/","name":"Home - Usanlek","isPartOf":{"@id":"https:\/\/tienda.usanlek.com\/#website"},"datePublished":"2024-12-27T11:37:20+00:00","dateModified":"2025-01-17T13:01:19+00:00","breadcrumb":{"@id":"https:\/\/tienda.usanlek.com\/#breadcrumb"},"inLanguage":"eu","potentialAction":[{"@type":"ReadAction","target":["https:\/\/tienda.usanlek.com\/"]}]},{"@type":"BreadcrumbList","@id":"https:\/\/tienda.usanlek.com\/#breadcrumb","itemListElement":[{"@type":"ListItem","position":1,"name":"Portada","item":"https:\/\/tienda.usanlek.com\/"},{"@type":"ListItem","position":2,"name":"Home"}]},{"@type":"WebSite","@id":"https:\/\/tienda.usanlek.com\/#website","url":"https:\/\/tienda.usanlek.com\/","name":"Usanlek","description":"Instalaciones El\u00e9ctricas","publisher":{"@id":"https:\/\/tienda.usanlek.com\/#organization"},"potentialAction":[{"@type":"SearchAction","target":{"@type":"EntryPoint","urlTemplate":"https:\/\/tienda.usanlek.com\/?s={search_term_string}"},"query-input":{"@type":"PropertyValueSpecification","valueRequired":true,"valueName":"search_term_string"}}],"inLanguage":"eu"},{"@type":"Organization","@id":"https:\/\/tienda.usanlek.com\/#organization","name":"Usanlek","url":"https:\/\/tienda.usanlek.com\/","logo":{"@type":"ImageObject","inLanguage":"eu","@id":"https:\/\/tienda.usanlek.com\/#\/schema\/logo\/image\/","url":"https:\/\/tienda.usanlek.com\/wp-content\/uploads\/2024\/12\/cropped-Logo-Usanlek-01.png","contentUrl":"https:\/\/tienda.usanlek.com\/wp-content\/uploads\/2024\/12\/cropped-Logo-Usanlek-01.png","width":1794,"height":482,"caption":"Usanlek"},"image":{"@id":"https:\/\/tienda.usanlek.com\/#\/schema\/logo\/image\/"}}]}},"_links":{"self":[{"href":"https:\/\/tienda.usanlek.com\/eu\/wp-json\/wp\/v2\/pages\/20","targetHints":{"allow":["GET"]}}],"collection":[{"href":"https:\/\/tienda.usanlek.com\/eu\/wp-json\/wp\/v2\/pages"}],"about":[{"href":"https:\/\/tienda.usanlek.com\/eu\/wp-json\/wp\/v2\/types\/page"}],"author":[{"embeddable":true,"href":"https:\/\/tienda.usanlek.com\/eu\/wp-json\/wp\/v2\/users\/1"}],"replies":[{"embeddable":true,"href":"https:\/\/tienda.usanlek.com\/eu\/wp-json\/wp\/v2\/comments?post=20"}],"version-history":[{"count":121,"href":"https:\/\/tienda.usanlek.com\/eu\/wp-json\/wp\/v2\/pages\/20\/revisions"}],"predecessor-version":[{"id":660,"href":"https:\/\/tienda.usanlek.com\/eu\/wp-json\/wp\/v2\/pages\/20\/revisions\/660"}],"wp:attachment":[{"href":"https:\/\/tienda.usanlek.com\/eu\/wp-json\/wp\/v2\/media?parent=20"}],"curies":[{"name":"wp","href":"https:\/\/api.w.org\/{rel}","templated":true}]}}