{"id":666,"date":"2025-02-21T12:27:49","date_gmt":"2025-02-21T12:27:49","guid":{"rendered":"https:\/\/tiendausanlek.rkinformatika.online\/?page_id=666"},"modified":"2025-02-21T12:34:03","modified_gmt":"2025-02-21T12:34:03","slug":"politica-de-envio","status":"publish","type":"page","link":"https:\/\/tienda.usanlek.com\/eu\/politica-de-envio\/","title":{"rendered":"Pol\u00edtica de envio"},"content":{"rendered":"<div data-elementor-type=\"wp-page\" data-elementor-id=\"666\" class=\"elementor elementor-666\" data-elementor-post-type=\"page\">\n\t\t\t\t\t\t<section class=\"elementor-section elementor-top-section elementor-element elementor-element-34297b3 elementor-section-boxed elementor-section-height-default elementor-section-height-default\" data-id=\"34297b3\" data-element_type=\"section\" data-e-type=\"section\">\n\t\t\t\t\t\t<div class=\"elementor-container elementor-column-gap-default\">\n\t\t\t\t\t<div class=\"elementor-column elementor-col-100 elementor-top-column elementor-element elementor-element-2625574\" data-id=\"2625574\" data-element_type=\"column\" data-e-type=\"column\">\n\t\t\t<div class=\"elementor-widget-wrap elementor-element-populated\">\n\t\t\t\t\t\t<div class=\"elementor-element elementor-element-791830d elementor-widget elementor-widget-text-editor\" data-id=\"791830d\" data-element_type=\"widget\" data-e-type=\"widget\" data-widget_type=\"text-editor.default\">\n\t\t\t\t<div class=\"elementor-widget-container\">\n\t\t\t\t\t\t\t\t\t<h1 class=\"western\" align=\"justify\"><strong><b>Pol\u00edtica de env\u00edo<\/b><\/strong><\/h1><p><strong>\u00bfCu\u00e1ndo ser\u00e1 procesado mi pedido?<\/strong><\/p><p>Todos los pedidos se manejan y se env\u00edan desde nuestra tienda en <strong>Barrio Murtatza 119, Pabellon 16 &#8211; Bedia (Vizcaya) 48390.<\/strong> Por favor, espere un tiempo adicional para que su pedido sea procesado durante las vacaciones y las temporadas de rebajas. Procesamos pedidos de lunes a viernes. Los pedidos se procesar\u00e1n dentro de 3-5 d\u00edas h\u00e1biles a partir de la fecha del pedido y se enviar\u00e1n al d\u00eda siguiente despu\u00e9s del d\u00eda de procesamiento. Tenga en cuenta que no enviamos los fines de semana.\u00a0<\/p><p><strong>\u00bfCu\u00e1nto tiempo llevar\u00e1 recibir mi pedido?<\/strong><\/p><p>Una vez que realice su pedido, espere de 3 a 5 d\u00edas h\u00e1biles para procesar sus pedidos.<\/p>\t\t\t\t\t\t\t\t<\/div>\n\t\t\t\t<\/div>\n\t\t\t\t\t<\/div>\n\t\t<\/div>\n\t\t\t\t\t<\/div>\n\t\t<\/section>\n\t\t\t\t<\/div>","protected":false},"excerpt":{"rendered":"<p>Pol\u00edtica de env\u00edo \u00bfCu\u00e1ndo ser\u00e1 procesado mi pedido? Todos los pedidos se manejan y se env\u00edan desde nuestra tienda en Barrio Murtatza 119, Pabellon 16 &#8211; Bedia (Vizcaya) 48390. Por favor, espere un tiempo adicional para que su pedido sea procesado durante las vacaciones y las temporadas de rebajas. Procesamos pedidos de lunes a viernes. [&hellip;]<\/p>\n","protected":false},"author":1,"featured_media":0,"parent":0,"menu_order":0,"comment_status":"closed","ping_status":"closed","template":"","meta":{"footnotes":""},"class_list":["post-666","page","type-page","status-publish","hentry"],"yoast_head":"<!-- This site is optimized with the Yoast SEO plugin v27.3 - https:\/\/yoast.com\/product\/yoast-seo-wordpress\/ -->\n<title>Pol\u00edtica de envio - Usanlek<\/title>\n<meta name=\"robots\" content=\"index, follow, max-snippet:-1, max-image-preview:large, max-video-preview:-1\" \/>\n<link rel=\"canonical\" href=\"https:\/\/tienda.usanlek.com\/eu\/politica-de-envio\/\" \/>\n<meta property=\"og:locale\" content=\"en_US\" \/>\n<meta property=\"og:type\" content=\"article\" \/>\n<meta property=\"og:title\" content=\"Pol\u00edtica de envio - Usanlek\" \/>\n<meta property=\"og:description\" content=\"Pol\u00edtica de env\u00edo \u00bfCu\u00e1ndo ser\u00e1 procesado mi pedido? Todos los pedidos se manejan y se env\u00edan desde nuestra tienda en Barrio Murtatza 119, Pabellon 16 &#8211; Bedia (Vizcaya) 48390. Por favor, espere un tiempo adicional para que su pedido sea procesado durante las vacaciones y las temporadas de rebajas. Procesamos pedidos de lunes a viernes. [&hellip;]\" \/>\n<meta property=\"og:url\" content=\"https:\/\/tienda.usanlek.com\/eu\/politica-de-envio\/\" \/>\n<meta property=\"og:site_name\" content=\"Usanlek\" \/>\n<meta property=\"article:modified_time\" content=\"2025-02-21T12:34:03+00:00\" \/>\n<meta name=\"twitter:card\" content=\"summary_large_image\" \/>\n<meta name=\"twitter:label1\" content=\"Est. reading time\" \/>\n\t<meta name=\"twitter:data1\" content=\"1 minutua\" \/>\n<script type=\"application\/ld+json\" class=\"yoast-schema-graph\">{\"@context\":\"https:\\\/\\\/schema.org\",\"@graph\":[{\"@type\":\"WebPage\",\"@id\":\"https:\\\/\\\/tienda.usanlek.com\\\/politica-de-envio\\\/\",\"url\":\"https:\\\/\\\/tienda.usanlek.com\\\/politica-de-envio\\\/\",\"name\":\"Pol\u00edtica de envio - Usanlek\",\"isPartOf\":{\"@id\":\"https:\\\/\\\/tienda.usanlek.com\\\/#website\"},\"datePublished\":\"2025-02-21T12:27:49+00:00\",\"dateModified\":\"2025-02-21T12:34:03+00:00\",\"breadcrumb\":{\"@id\":\"https:\\\/\\\/tienda.usanlek.com\\\/politica-de-envio\\\/#breadcrumb\"},\"inLanguage\":\"eu\",\"potentialAction\":[{\"@type\":\"ReadAction\",\"target\":[\"https:\\\/\\\/tienda.usanlek.com\\\/politica-de-envio\\\/\"]}]},{\"@type\":\"BreadcrumbList\",\"@id\":\"https:\\\/\\\/tienda.usanlek.com\\\/politica-de-envio\\\/#breadcrumb\",\"itemListElement\":[{\"@type\":\"ListItem\",\"position\":1,\"name\":\"Portada\",\"item\":\"https:\\\/\\\/tienda.usanlek.com\\\/\"},{\"@type\":\"ListItem\",\"position\":2,\"name\":\"Pol\u00edtica de envio\"}]},{\"@type\":\"WebSite\",\"@id\":\"https:\\\/\\\/tienda.usanlek.com\\\/#website\",\"url\":\"https:\\\/\\\/tienda.usanlek.com\\\/\",\"name\":\"Usanlek\",\"description\":\"Instalaciones El\u00e9ctricas\",\"publisher\":{\"@id\":\"https:\\\/\\\/tienda.usanlek.com\\\/#organization\"},\"potentialAction\":[{\"@type\":\"SearchAction\",\"target\":{\"@type\":\"EntryPoint\",\"urlTemplate\":\"https:\\\/\\\/tienda.usanlek.com\\\/?s={search_term_string}\"},\"query-input\":{\"@type\":\"PropertyValueSpecification\",\"valueRequired\":true,\"valueName\":\"search_term_string\"}}],\"inLanguage\":\"eu\"},{\"@type\":\"Organization\",\"@id\":\"https:\\\/\\\/tienda.usanlek.com\\\/#organization\",\"name\":\"Usanlek\",\"url\":\"https:\\\/\\\/tienda.usanlek.com\\\/\",\"logo\":{\"@type\":\"ImageObject\",\"inLanguage\":\"eu\",\"@id\":\"https:\\\/\\\/tienda.usanlek.com\\\/#\\\/schema\\\/logo\\\/image\\\/\",\"url\":\"https:\\\/\\\/tienda.usanlek.com\\\/wp-content\\\/uploads\\\/2024\\\/12\\\/cropped-Logo-Usanlek-01.png\",\"contentUrl\":\"https:\\\/\\\/tienda.usanlek.com\\\/wp-content\\\/uploads\\\/2024\\\/12\\\/cropped-Logo-Usanlek-01.png\",\"width\":1794,\"height\":482,\"caption\":\"Usanlek\"},\"image\":{\"@id\":\"https:\\\/\\\/tienda.usanlek.com\\\/#\\\/schema\\\/logo\\\/image\\\/\"}}]}<\/script>\n<!-- \/ Yoast SEO plugin. -->","yoast_head_json":{"title":"Pol\u00edtica de envio - Usanlek","robots":{"index":"index","follow":"follow","max-snippet":"max-snippet:-1","max-image-preview":"max-image-preview:large","max-video-preview":"max-video-preview:-1"},"canonical":"https:\/\/tienda.usanlek.com\/eu\/politica-de-envio\/","og_locale":"en_US","og_type":"article","og_title":"Pol\u00edtica de envio - Usanlek","og_description":"Pol\u00edtica de env\u00edo \u00bfCu\u00e1ndo ser\u00e1 procesado mi pedido? Todos los pedidos se manejan y se env\u00edan desde nuestra tienda en Barrio Murtatza 119, Pabellon 16 &#8211; Bedia (Vizcaya) 48390. Por favor, espere un tiempo adicional para que su pedido sea procesado durante las vacaciones y las temporadas de rebajas. Procesamos pedidos de lunes a viernes. [&hellip;]","og_url":"https:\/\/tienda.usanlek.com\/eu\/politica-de-envio\/","og_site_name":"Usanlek","article_modified_time":"2025-02-21T12:34:03+00:00","twitter_card":"summary_large_image","twitter_misc":{"Est. reading time":"1 minutua"},"schema":{"@context":"https:\/\/schema.org","@graph":[{"@type":"WebPage","@id":"https:\/\/tienda.usanlek.com\/politica-de-envio\/","url":"https:\/\/tienda.usanlek.com\/politica-de-envio\/","name":"Pol\u00edtica de envio - Usanlek","isPartOf":{"@id":"https:\/\/tienda.usanlek.com\/#website"},"datePublished":"2025-02-21T12:27:49+00:00","dateModified":"2025-02-21T12:34:03+00:00","breadcrumb":{"@id":"https:\/\/tienda.usanlek.com\/politica-de-envio\/#breadcrumb"},"inLanguage":"eu","potentialAction":[{"@type":"ReadAction","target":["https:\/\/tienda.usanlek.com\/politica-de-envio\/"]}]},{"@type":"BreadcrumbList","@id":"https:\/\/tienda.usanlek.com\/politica-de-envio\/#breadcrumb","itemListElement":[{"@type":"ListItem","position":1,"name":"Portada","item":"https:\/\/tienda.usanlek.com\/"},{"@type":"ListItem","position":2,"name":"Pol\u00edtica de envio"}]},{"@type":"WebSite","@id":"https:\/\/tienda.usanlek.com\/#website","url":"https:\/\/tienda.usanlek.com\/","name":"Usanlek","description":"Instalaciones El\u00e9ctricas","publisher":{"@id":"https:\/\/tienda.usanlek.com\/#organization"},"potentialAction":[{"@type":"SearchAction","target":{"@type":"EntryPoint","urlTemplate":"https:\/\/tienda.usanlek.com\/?s={search_term_string}"},"query-input":{"@type":"PropertyValueSpecification","valueRequired":true,"valueName":"search_term_string"}}],"inLanguage":"eu"},{"@type":"Organization","@id":"https:\/\/tienda.usanlek.com\/#organization","name":"Usanlek","url":"https:\/\/tienda.usanlek.com\/","logo":{"@type":"ImageObject","inLanguage":"eu","@id":"https:\/\/tienda.usanlek.com\/#\/schema\/logo\/image\/","url":"https:\/\/tienda.usanlek.com\/wp-content\/uploads\/2024\/12\/cropped-Logo-Usanlek-01.png","contentUrl":"https:\/\/tienda.usanlek.com\/wp-content\/uploads\/2024\/12\/cropped-Logo-Usanlek-01.png","width":1794,"height":482,"caption":"Usanlek"},"image":{"@id":"https:\/\/tienda.usanlek.com\/#\/schema\/logo\/image\/"}}]}},"_links":{"self":[{"href":"https:\/\/tienda.usanlek.com\/eu\/wp-json\/wp\/v2\/pages\/666","targetHints":{"allow":["GET"]}}],"collection":[{"href":"https:\/\/tienda.usanlek.com\/eu\/wp-json\/wp\/v2\/pages"}],"about":[{"href":"https:\/\/tienda.usanlek.com\/eu\/wp-json\/wp\/v2\/types\/page"}],"author":[{"embeddable":true,"href":"https:\/\/tienda.usanlek.com\/eu\/wp-json\/wp\/v2\/users\/1"}],"replies":[{"embeddable":true,"href":"https:\/\/tienda.usanlek.com\/eu\/wp-json\/wp\/v2\/comments?post=666"}],"version-history":[{"count":5,"href":"https:\/\/tienda.usanlek.com\/eu\/wp-json\/wp\/v2\/pages\/666\/revisions"}],"predecessor-version":[{"id":1069,"href":"https:\/\/tienda.usanlek.com\/eu\/wp-json\/wp\/v2\/pages\/666\/revisions\/1069"}],"wp:attachment":[{"href":"https:\/\/tienda.usanlek.com\/eu\/wp-json\/wp\/v2\/media?parent=666"}],"curies":[{"name":"wp","href":"https:\/\/api.w.org\/{rel}","templated":true}]}}