{"id":678,"date":"2025-02-21T12:29:59","date_gmt":"2025-02-21T12:29:59","guid":{"rendered":"https:\/\/tiendausanlek.rkinformatika.online\/mi-cuenta\/"},"modified":"2025-02-26T12:03:14","modified_gmt":"2025-02-26T12:03:14","slug":"mi-cuenta","status":"publish","type":"page","link":"https:\/\/tienda.usanlek.com\/eu\/mi-cuenta\/","title":{"rendered":"Mi cuenta"},"content":{"rendered":"<div data-elementor-type=\"wp-page\" data-elementor-id=\"678\" class=\"elementor elementor-678\" data-elementor-post-type=\"page\">\n\t\t\t\t<div class=\"elementor-element elementor-element-b85003a e-flex e-con-boxed e-con e-parent\" data-id=\"b85003a\" data-element_type=\"container\" data-e-type=\"container\">\n\t\t\t\t\t<div class=\"e-con-inner\">\n\t\t\t\t<div class=\"elementor-element elementor-element-281ccc8 e-my-account-tabs-horizontal elementor-widget elementor-widget-woocommerce-my-account\" data-id=\"281ccc8\" data-element_type=\"widget\" data-e-type=\"widget\" data-widget_type=\"woocommerce-my-account.default\">\n\t\t\t\t<div class=\"elementor-widget-container\">\n\t\t\t\t\t<div class=\"e-my-account-tab e-my-account-tab__\">\t\t\t<div class=\"woocommerce\"><div class=\"woocommerce-notices-wrapper\"><\/div>\n\n\t\t<h2 data-no-translation=\"\" data-trp-gettext=\"\">Saioa hasi<\/h2>\n\n\t\t<form class=\"woocommerce-form woocommerce-form-login login\" method=\"post\" novalidate action=\"\">\n\n\t\t\t\n\t\t\t<p class=\"woocommerce-form-row woocommerce-form-row--wide form-row form-row-wide\">\n\t\t\t\t<label for=\"username\">Erabiltzaile-izena edo posta-elektronikoa&nbsp;<span class=\"required\" aria-hidden=\"true\">*<\/span><span class=\"screen-reader-text\" data-no-translation=\"\" data-trp-gettext=\"\">Beharrezkoa<\/span><\/label>\n\t\t\t\t<input type=\"text\" class=\"woocommerce-Input woocommerce-Input--text input-text\" name=\"username\" id=\"username\" autocomplete=\"username\" value=\"\" required aria-required=\"true\" \/>\t\t\t<\/p>\n\t\t\t<p class=\"woocommerce-form-row woocommerce-form-row--wide form-row form-row-wide\">\n\t\t\t\t<label for=\"password\">Pasahitza&nbsp;<span class=\"required\" aria-hidden=\"true\">*<\/span><span class=\"screen-reader-text\" data-no-translation=\"\" data-trp-gettext=\"\">Beharrezkoa<\/span><\/label>\n\t\t\t\t<input class=\"woocommerce-Input woocommerce-Input--text input-text\" type=\"password\" name=\"password\" id=\"password\" autocomplete=\"current-password\" required aria-required=\"true\" \/>\n\t\t\t<\/p>\n\n\t\t\t\n\t\t\t<p class=\"form-row\">\n\t\t\t\t<label class=\"woocommerce-form__label woocommerce-form__label-for-checkbox woocommerce-form-login__rememberme\">\n\t\t\t\t\t<input class=\"woocommerce-form__input woocommerce-form__input-checkbox\" name=\"rememberme\" type=\"checkbox\" id=\"rememberme\" value=\"forever\" \/> <span data-no-translation=\"\" data-trp-gettext=\"\">Gogora nazazu<\/span>\n\t\t\t\t<\/label>\n\t\t\t\t<input type=\"hidden\" id=\"woocommerce-login-nonce\" name=\"woocommerce-login-nonce\" value=\"d95edefe46\" \/><input type=\"hidden\" name=\"_wp_http_referer\" value=\"\/eu\/wp-json\/wp\/v2\/pages\/678\" \/>\t\t\t\t<button type=\"submit\" class=\"woocommerce-button button woocommerce-form-login__submit\" name=\"login\" value=\"Saioa hasi\" data-no-translation=\"\" data-trp-gettext=\"\" data-no-translation-value=\"\">Saioa hasi<\/button>\n\t\t\t<\/p>\n\t\t\t<p class=\"woocommerce-LostPassword lost_password\">\n\t\t\t\t<a href=\"https:\/\/tienda.usanlek.com\/eu\/mi-cuenta\/lost-password\/\" data-no-translation=\"\" data-trp-gettext=\"\">Pasahitza ahaztu zaizu?<\/a>\n\t\t\t<\/p>\n\n\t\t\t\n\t\t<input type=\"hidden\" name=\"trp-form-language\" value=\"eu\"\/><\/form>\n\n\n<\/div>\t\t<\/div>\n\t\t\t\t\t\t<\/div>\n\t\t\t\t<\/div>\n\t\t\t\t\t<\/div>\n\t\t\t\t<\/div>\n\t\t\t\t<\/div>","protected":false},"excerpt":{"rendered":"<p>Escritorio Pedidos Descargas Direcciones Detalles de la cuenta Cerrar sesi\u00f3n Escritorio Pedidos Descargas Direcciones Detalles de la cuenta Cerrar sesi\u00f3n Escritorio Pedidos Descargas Direcciones Detalles de la cuenta Cerrar sesi\u00f3n Escritorio Pedidos Descargas Direcciones Detalles de la cuenta Cerrar sesi\u00f3n Hola admin (\u00bfno eres admin? Cerrar sesi\u00f3n) Desde el escritorio de tu cuenta puedes ver [&hellip;]<\/p>\n","protected":false},"author":1,"featured_media":0,"parent":0,"menu_order":0,"comment_status":"closed","ping_status":"closed","template":"","meta":{"footnotes":""},"class_list":["post-678","page","type-page","status-publish","hentry"],"yoast_head":"<!-- This site is optimized with the Yoast SEO plugin v27.3 - https:\/\/yoast.com\/product\/yoast-seo-wordpress\/ -->\n<title>Mi cuenta - Usanlek<\/title>\n<meta name=\"robots\" content=\"index, follow, max-snippet:-1, max-image-preview:large, max-video-preview:-1\" \/>\n<link rel=\"canonical\" href=\"https:\/\/tienda.usanlek.com\/eu\/mi-cuenta\/\" \/>\n<meta property=\"og:locale\" content=\"en_US\" \/>\n<meta property=\"og:type\" content=\"article\" \/>\n<meta property=\"og:title\" content=\"Mi cuenta - Usanlek\" \/>\n<meta property=\"og:description\" content=\"Escritorio Pedidos Descargas Direcciones Detalles de la cuenta Cerrar sesi\u00f3n Escritorio Pedidos Descargas Direcciones Detalles de la cuenta Cerrar sesi\u00f3n Escritorio Pedidos Descargas Direcciones Detalles de la cuenta Cerrar sesi\u00f3n Escritorio Pedidos Descargas Direcciones Detalles de la cuenta Cerrar sesi\u00f3n Hola admin (\u00bfno eres admin? Cerrar sesi\u00f3n) Desde el escritorio de tu cuenta puedes ver [&hellip;]\" \/>\n<meta property=\"og:url\" content=\"https:\/\/tienda.usanlek.com\/eu\/mi-cuenta\/\" \/>\n<meta property=\"og:site_name\" content=\"Usanlek\" \/>\n<meta property=\"article:modified_time\" content=\"2025-02-26T12:03:14+00:00\" \/>\n<meta name=\"twitter:card\" content=\"summary_large_image\" \/>\n<meta name=\"twitter:label1\" content=\"Est. reading time\" \/>\n\t<meta name=\"twitter:data1\" content=\"1 minutua\" \/>\n<script type=\"application\/ld+json\" class=\"yoast-schema-graph\">{\"@context\":\"https:\\\/\\\/schema.org\",\"@graph\":[{\"@type\":\"WebPage\",\"@id\":\"https:\\\/\\\/tienda.usanlek.com\\\/mi-cuenta\\\/\",\"url\":\"https:\\\/\\\/tienda.usanlek.com\\\/mi-cuenta\\\/\",\"name\":\"Mi cuenta - Usanlek\",\"isPartOf\":{\"@id\":\"https:\\\/\\\/tienda.usanlek.com\\\/#website\"},\"datePublished\":\"2025-02-21T12:29:59+00:00\",\"dateModified\":\"2025-02-26T12:03:14+00:00\",\"breadcrumb\":{\"@id\":\"https:\\\/\\\/tienda.usanlek.com\\\/mi-cuenta\\\/#breadcrumb\"},\"inLanguage\":\"eu\",\"potentialAction\":[{\"@type\":\"ReadAction\",\"target\":[\"https:\\\/\\\/tienda.usanlek.com\\\/mi-cuenta\\\/\"]}]},{\"@type\":\"BreadcrumbList\",\"@id\":\"https:\\\/\\\/tienda.usanlek.com\\\/mi-cuenta\\\/#breadcrumb\",\"itemListElement\":[{\"@type\":\"ListItem\",\"position\":1,\"name\":\"Portada\",\"item\":\"https:\\\/\\\/tienda.usanlek.com\\\/\"},{\"@type\":\"ListItem\",\"position\":2,\"name\":\"Mi cuenta\"}]},{\"@type\":\"WebSite\",\"@id\":\"https:\\\/\\\/tienda.usanlek.com\\\/#website\",\"url\":\"https:\\\/\\\/tienda.usanlek.com\\\/\",\"name\":\"Usanlek\",\"description\":\"Instalaciones El\u00e9ctricas\",\"publisher\":{\"@id\":\"https:\\\/\\\/tienda.usanlek.com\\\/#organization\"},\"potentialAction\":[{\"@type\":\"SearchAction\",\"target\":{\"@type\":\"EntryPoint\",\"urlTemplate\":\"https:\\\/\\\/tienda.usanlek.com\\\/?s={search_term_string}\"},\"query-input\":{\"@type\":\"PropertyValueSpecification\",\"valueRequired\":true,\"valueName\":\"search_term_string\"}}],\"inLanguage\":\"eu\"},{\"@type\":\"Organization\",\"@id\":\"https:\\\/\\\/tienda.usanlek.com\\\/#organization\",\"name\":\"Usanlek\",\"url\":\"https:\\\/\\\/tienda.usanlek.com\\\/\",\"logo\":{\"@type\":\"ImageObject\",\"inLanguage\":\"eu\",\"@id\":\"https:\\\/\\\/tienda.usanlek.com\\\/#\\\/schema\\\/logo\\\/image\\\/\",\"url\":\"https:\\\/\\\/tienda.usanlek.com\\\/wp-content\\\/uploads\\\/2024\\\/12\\\/cropped-Logo-Usanlek-01.png\",\"contentUrl\":\"https:\\\/\\\/tienda.usanlek.com\\\/wp-content\\\/uploads\\\/2024\\\/12\\\/cropped-Logo-Usanlek-01.png\",\"width\":1794,\"height\":482,\"caption\":\"Usanlek\"},\"image\":{\"@id\":\"https:\\\/\\\/tienda.usanlek.com\\\/#\\\/schema\\\/logo\\\/image\\\/\"}}]}<\/script>\n<!-- \/ Yoast SEO plugin. -->","yoast_head_json":{"title":"Mi cuenta - Usanlek","robots":{"index":"index","follow":"follow","max-snippet":"max-snippet:-1","max-image-preview":"max-image-preview:large","max-video-preview":"max-video-preview:-1"},"canonical":"https:\/\/tienda.usanlek.com\/eu\/mi-cuenta\/","og_locale":"en_US","og_type":"article","og_title":"Mi cuenta - Usanlek","og_description":"Escritorio Pedidos Descargas Direcciones Detalles de la cuenta Cerrar sesi\u00f3n Escritorio Pedidos Descargas Direcciones Detalles de la cuenta Cerrar sesi\u00f3n Escritorio Pedidos Descargas Direcciones Detalles de la cuenta Cerrar sesi\u00f3n Escritorio Pedidos Descargas Direcciones Detalles de la cuenta Cerrar sesi\u00f3n Hola admin (\u00bfno eres admin? Cerrar sesi\u00f3n) Desde el escritorio de tu cuenta puedes ver [&hellip;]","og_url":"https:\/\/tienda.usanlek.com\/eu\/mi-cuenta\/","og_site_name":"Usanlek","article_modified_time":"2025-02-26T12:03:14+00:00","twitter_card":"summary_large_image","twitter_misc":{"Est. reading time":"1 minutua"},"schema":{"@context":"https:\/\/schema.org","@graph":[{"@type":"WebPage","@id":"https:\/\/tienda.usanlek.com\/mi-cuenta\/","url":"https:\/\/tienda.usanlek.com\/mi-cuenta\/","name":"Mi cuenta - Usanlek","isPartOf":{"@id":"https:\/\/tienda.usanlek.com\/#website"},"datePublished":"2025-02-21T12:29:59+00:00","dateModified":"2025-02-26T12:03:14+00:00","breadcrumb":{"@id":"https:\/\/tienda.usanlek.com\/mi-cuenta\/#breadcrumb"},"inLanguage":"eu","potentialAction":[{"@type":"ReadAction","target":["https:\/\/tienda.usanlek.com\/mi-cuenta\/"]}]},{"@type":"BreadcrumbList","@id":"https:\/\/tienda.usanlek.com\/mi-cuenta\/#breadcrumb","itemListElement":[{"@type":"ListItem","position":1,"name":"Portada","item":"https:\/\/tienda.usanlek.com\/"},{"@type":"ListItem","position":2,"name":"Mi cuenta"}]},{"@type":"WebSite","@id":"https:\/\/tienda.usanlek.com\/#website","url":"https:\/\/tienda.usanlek.com\/","name":"Usanlek","description":"Instalaciones El\u00e9ctricas","publisher":{"@id":"https:\/\/tienda.usanlek.com\/#organization"},"potentialAction":[{"@type":"SearchAction","target":{"@type":"EntryPoint","urlTemplate":"https:\/\/tienda.usanlek.com\/?s={search_term_string}"},"query-input":{"@type":"PropertyValueSpecification","valueRequired":true,"valueName":"search_term_string"}}],"inLanguage":"eu"},{"@type":"Organization","@id":"https:\/\/tienda.usanlek.com\/#organization","name":"Usanlek","url":"https:\/\/tienda.usanlek.com\/","logo":{"@type":"ImageObject","inLanguage":"eu","@id":"https:\/\/tienda.usanlek.com\/#\/schema\/logo\/image\/","url":"https:\/\/tienda.usanlek.com\/wp-content\/uploads\/2024\/12\/cropped-Logo-Usanlek-01.png","contentUrl":"https:\/\/tienda.usanlek.com\/wp-content\/uploads\/2024\/12\/cropped-Logo-Usanlek-01.png","width":1794,"height":482,"caption":"Usanlek"},"image":{"@id":"https:\/\/tienda.usanlek.com\/#\/schema\/logo\/image\/"}}]}},"_links":{"self":[{"href":"https:\/\/tienda.usanlek.com\/eu\/wp-json\/wp\/v2\/pages\/678","targetHints":{"allow":["GET"]}}],"collection":[{"href":"https:\/\/tienda.usanlek.com\/eu\/wp-json\/wp\/v2\/pages"}],"about":[{"href":"https:\/\/tienda.usanlek.com\/eu\/wp-json\/wp\/v2\/types\/page"}],"author":[{"embeddable":true,"href":"https:\/\/tienda.usanlek.com\/eu\/wp-json\/wp\/v2\/users\/1"}],"replies":[{"embeddable":true,"href":"https:\/\/tienda.usanlek.com\/eu\/wp-json\/wp\/v2\/comments?post=678"}],"version-history":[{"count":117,"href":"https:\/\/tienda.usanlek.com\/eu\/wp-json\/wp\/v2\/pages\/678\/revisions"}],"predecessor-version":[{"id":1065,"href":"https:\/\/tienda.usanlek.com\/eu\/wp-json\/wp\/v2\/pages\/678\/revisions\/1065"}],"wp:attachment":[{"href":"https:\/\/tienda.usanlek.com\/eu\/wp-json\/wp\/v2\/media?parent=678"}],"curies":[{"name":"wp","href":"https:\/\/api.w.org\/{rel}","templated":true}]}}